{"id":56,"date":"2021-09-13T11:37:51","date_gmt":"2021-09-13T11:37:51","guid":{"rendered":"https:\/\/holisticconsulting.eco\/?page_id=56"},"modified":"2021-09-13T14:19:11","modified_gmt":"2021-09-13T14:19:11","slug":"uber","status":"publish","type":"page","link":"https:\/\/holisticconsulting.eco\/index.php\/de\/uber\/","title":{"rendered":"\u00dcber"},"content":{"rendered":"\t\t<div data-elementor-type=\"wp-page\" data-elementor-id=\"56\" class=\"elementor elementor-56\">\n\t\t\t\t\t\t\t\t\t<section class=\"elementor-section elementor-top-section elementor-element elementor-element-37ce060 elementor-section-boxed elementor-section-height-default elementor-section-height-default wpr-particle-no wpr-jarallax-no wpr-parallax-no wpr-sticky-section-no\" data-id=\"37ce060\" data-element_type=\"section\">\n\t\t\t\t\t\t<div class=\"elementor-container elementor-column-gap-default\">\n\t\t\t\t\t<div class=\"elementor-column elementor-col-100 elementor-top-column elementor-element elementor-element-51771e9\" data-id=\"51771e9\" data-element_type=\"column\">\n\t\t\t<div class=\"elementor-widget-wrap elementor-element-populated\">\n\t\t\t\t\t\t\t\t<div class=\"elementor-element elementor-element-341d66a elementor-widget elementor-widget-text-editor\" data-id=\"341d66a\" data-element_type=\"widget\" data-widget_type=\"text-editor.default\">\n\t\t\t\t<div class=\"elementor-widget-container\">\n\t\t\t<style>\/*! elementor - v3.6.7 - 03-07-2022 *\/\n.elementor-widget-text-editor.elementor-drop-cap-view-stacked .elementor-drop-cap{background-color:#818a91;color:#fff}.elementor-widget-text-editor.elementor-drop-cap-view-framed .elementor-drop-cap{color:#818a91;border:3px solid;background-color:transparent}.elementor-widget-text-editor:not(.elementor-drop-cap-view-default) .elementor-drop-cap{margin-top:8px}.elementor-widget-text-editor:not(.elementor-drop-cap-view-default) .elementor-drop-cap-letter{width:1em;height:1em}.elementor-widget-text-editor .elementor-drop-cap{float:left;text-align:center;line-height:1;font-size:50px}.elementor-widget-text-editor .elementor-drop-cap-letter{display:inline-block}<\/style>\t\t\t\t<p>Mein Name ist Joseann Freyer-Lindner. Ich habe die deutsche und finnische Staatsb\u00fcrgerschaft und lebe teilweise in Helsinki und teilweise in Bonn in Deutschland. arbeite jedoch heute im Sommer als Tourguide in Helsinki f\u00fcr deutsch- und englischsprachige Touristen. Ich betreue Gruppen f\u00fcr Agenturen und biete eigene thematische Stadtf\u00fchrungen an wie meine Musiktour (<a href=\"https:\/\/www.citi-tunes.com\/\" target=\"_blank\" rel=\"noreferrer noopener\">Citi-Tunes<\/a>), Fahrradtouren oder ma\u00dfgeschneiderte Touren f\u00fcr G\u00e4ste in Helsinki &amp; Bonn auf Anfrage. Au\u00dferdem arbeite ich als \u00dcbersetzerin f\u00fcr Finnisch\/Englisch ins Deutsche.<\/p><p>Mein beruflicher Hintergrund liegt in der Forstwirtschaft und Landschaftsplanung. Ich biete Nachhaltigkeitscoaching und ganzheitliche Beratung an. Mein Ziel mit dieser Arbeit besteht darin, Privatpersonen oder Organisationen zu unterst\u00fctzen, die ihr Leben in eine nachhaltigere Richtung lenken m\u00f6chten, sich aber schwer tun, ihre Verpflichtungen und Ziele umzusetzen.<\/p><p>Dieser Blog ist f\u00fcr mich ein Ort, um das Leben in drei Sprachen zu erkunden und \u201cbedeutungsvolle Reisen\u201d in alle Richtungen zu unternehmen. Wenn er auch Ihnen interessante\u00a0Informationen \u00fcber Finnland und Helsinki bietet, freue ich mich.<\/p><p><strong>Werbung<\/strong>: Ich werde nicht f\u00fcr eventuelle Werbung in meinem Blog bezahlt und ich bezahle auch nicht daf\u00fcr, keine Werbung in meinem Blogzu haben. Wenn Ihnen unangemessene Werbung begegnet, bin ich dankbar f\u00fcr eine kurze Mitteilung.<\/p>\t\t\t\t\t\t<\/div>\n\t\t\t\t<\/div>\n\t\t\t\t\t<\/div>\n\t\t<\/div>\n\t\t\t\t\t\t\t<\/div>\n\t\t<\/section>\n\t\t\t\t\t\t\t<\/div>\n\t\t","protected":false},"excerpt":{"rendered":"<p>Mein Name ist Joseann Freyer-Lindner. Ich habe die deutsche und finnische Staatsb\u00fcrgerschaft und lebe teilweise in Helsinki und teilweise in Bonn in Deutschland. arbeite jedoch heute im Sommer als Tourguide in Helsinki f\u00fcr deutsch- und englischsprachige Touristen. Ich betreue Gruppen f\u00fcr Agenturen und biete eigene thematische Stadtf\u00fchrungen an wie meine Musiktour (Citi-Tunes), Fahrradtouren oder ma\u00dfgeschneiderte Touren f\u00fcr G\u00e4ste in Helsinki &amp; Bonn auf Anfrage. Au\u00dferdem arbeite ich als \u00dcbersetzerin f\u00fcr Finnisch\/Englisch ins Deutsche. Mein beruflicher Hintergrund liegt in der Forstwirtschaft und Landschaftsplanung. Ich biete Nachhaltigkeitscoaching und ganzheitliche Beratung an. Mein Ziel mit dieser Arbeit besteht darin, Privatpersonen oder Organisationen zu unterst\u00fctzen, die ihr Leben in eine nachhaltigere Richtung lenken m\u00f6chten, sich aber schwer tun, ihre Verpflichtungen und Ziele umzusetzen. Dieser Blog ist f\u00fcr mich ein Ort, um das Leben in drei Sprachen zu erkunden und \u201cbedeutungsvolle Reisen\u201d in alle Richtungen zu unternehmen. Wenn er auch Ihnen interessante\u00a0Informationen \u00fcber Finnland und Helsinki bietet, freue ich mich. Werbung: Ich werde nicht f\u00fcr eventuelle Werbung in meinem Blog bezahlt und ich bezahle auch nicht daf\u00fcr, keine Werbung in meinem Blogzu haben. Wenn Ihnen unangemessene Werbung begegnet, bin ich dankbar f\u00fcr eine kurze Mitteilung.<\/p>\n","protected":false},"author":1,"featured_media":0,"parent":0,"menu_order":0,"comment_status":"closed","ping_status":"closed","template":"","meta":[],"aioseo_notices":[],"_links":{"self":[{"href":"https:\/\/holisticconsulting.eco\/index.php\/wp-json\/wp\/v2\/pages\/56"}],"collection":[{"href":"https:\/\/holisticconsulting.eco\/index.php\/wp-json\/wp\/v2\/pages"}],"about":[{"href":"https:\/\/holisticconsulting.eco\/index.php\/wp-json\/wp\/v2\/types\/page"}],"author":[{"embeddable":true,"href":"https:\/\/holisticconsulting.eco\/index.php\/wp-json\/wp\/v2\/users\/1"}],"replies":[{"embeddable":true,"href":"https:\/\/holisticconsulting.eco\/index.php\/wp-json\/wp\/v2\/comments?post=56"}],"version-history":[{"count":5,"href":"https:\/\/holisticconsulting.eco\/index.php\/wp-json\/wp\/v2\/pages\/56\/revisions"}],"predecessor-version":[{"id":140,"href":"https:\/\/holisticconsulting.eco\/index.php\/wp-json\/wp\/v2\/pages\/56\/revisions\/140"}],"wp:attachment":[{"href":"https:\/\/holisticconsulting.eco\/index.php\/wp-json\/wp\/v2\/media?parent=56"}],"curies":[{"name":"wp","href":"https:\/\/api.w.org\/{rel}","templated":true}]}}